{"id":4383,"date":"2016-05-23T13:47:23","date_gmt":"2016-05-23T11:47:23","guid":{"rendered":"https:\/\/new.marvelpit.sk\/produkty\/mpr-lever-actuator-with-a-variable-output-speed\/"},"modified":"2019-10-11T13:42:46","modified_gmt":"2019-10-11T11:42:46","slug":"electric-turn-with-lever-actuator-mpr","status":"publish","type":"product","link":"https:\/\/marvelpit.sk\/en\/product\/electric-turn-with-lever-actuator-mpr\/","title":{"rendered":"Electric turn with lever actuator MPR"},"content":{"rendered":"<h2><\/h2>\n<h2>MPR &#8211; electric turn with lever actuator<\/h2>\n<p>&nbsp;<\/p>\n<h2>Usage<\/h2>\n<p><strong>Electric turn with lever actuator MPR<\/strong>\u00a0operating at a variable output speed\u00a0has been specially designed for the control of actuating variables (final control elemnts of continuous and discontinuous regulating systems &#8211; flaps, louvers and valves) in industrial automation and control systems. <strong>The MODACT <sup>\u00ae <\/sup>MPR VARIANT<\/strong> actuators must controlled by a suitable control system.<\/p>\n<h2>Documents for download<\/h2>\n<ul>\n<li><a href=\"https:\/\/marvelpit.sk\/wp-content\/uploads\/2016\/10\/soubor_en_186.pdf\" target=\"_blank\" rel=\"noopener noreferrer\">Catalog<\/a><\/li>\n<li><a href=\"https:\/\/marvelpit.sk\/wp-content\/uploads\/2016\/10\/soubor_en_187.pdf\" target=\"_blank\" rel=\"noopener noreferrer\">Installation instructions<\/a><\/li>\n<\/ul>\n","protected":false},"excerpt":{"rendered":"<p>MPR &#8211; electric turn with lever actuator &nbsp; Usage Electric turn with lever actuator MPR\u00a0operating at a variable output speed\u00a0has been specially designed for the control of actuating variables (final control elemnts of continuous and discontinuous regulating systems &#8211; flaps, louvers and valves) in industrial automation and control systems. The MODACT \u00ae MPR VARIANT actuators [&hellip;]<\/p>\n","protected":false},"featured_media":5537,"comment_status":"open","ping_status":"closed","template":"","meta":{"_acf_changed":false},"product_brand":[],"product_cat":[479,481,1235],"product_tag":[],"class_list":{"0":"post-4383","1":"product","2":"type-product","3":"status-publish","4":"has-post-thumbnail","6":"product_cat-electric-actuators","7":"product_cat-zpa-pecky-en","8":"product_cat-lever","9":"pa_doba-prestavenia-11-195-s90-en","10":"pa_hmotnost-62-282-kg-en","11":"pa_krytie-ip-55-en","12":"pa_pracovna-poloha-ny-position-according-ts","13":"pa_pracovny-uhol-160-en","14":"pa_teplota-okolia-25-70-c-en","15":"pa_typ-konstrukcie-modact-en","16":"pa_typove-cislo-52-221-52-222-52-223-en","17":"pa_vypinaci-moment-63-4-000-nm-en","19":"first","20":"instock","21":"shipping-taxable","22":"product-type-simple"},"acf":[],"yoast_head":"<!-- This site is optimized with the Yoast SEO plugin v26.6 - https:\/\/yoast.com\/wordpress\/plugins\/seo\/ -->\n<title>Electric turn with lever actuator MPR - MARVEL P.I.&amp;T. | MARVEL-BMT | Electric actuators<\/title>\n<meta name=\"description\" content=\"Electric turn with lever actuators MPR operating at a variable output speed has been specially designed for the control of actuating variables\" \/>\n<meta name=\"robots\" content=\"index, follow, max-snippet:-1, max-image-preview:large, max-video-preview:-1\" \/>\n<link rel=\"canonical\" href=\"https:\/\/marvelpit.sk\/en\/product\/electric-turn-with-lever-actuator-mpr\/\" \/>\n<meta property=\"og:locale\" content=\"en_US\" \/>\n<meta property=\"og:type\" content=\"article\" \/>\n<meta property=\"og:title\" content=\"Electric turn with lever actuator MPR - MARVEL P.I.&amp;T. | MARVEL-BMT | Electric actuators\" \/>\n<meta property=\"og:description\" content=\"Electric turn with lever actuators MPR operating at a variable output speed has been specially designed for the control of actuating variables\" \/>\n<meta property=\"og:url\" content=\"https:\/\/marvelpit.sk\/en\/product\/electric-turn-with-lever-actuator-mpr\/\" \/>\n<meta property=\"og:site_name\" content=\"MARVEL P.I.&amp;T. | MARVEL-BMT | Electric actuators\" \/>\n<meta property=\"article:modified_time\" content=\"2019-10-11T11:42:46+00:00\" \/>\n<meta property=\"og:image\" content=\"https:\/\/marvelpit.sk\/wp-content\/uploads\/2016\/09\/MPR.jpg\" \/>\n\t<meta property=\"og:image:width\" content=\"600\" \/>\n\t<meta property=\"og:image:height\" content=\"600\" \/>\n\t<meta property=\"og:image:type\" content=\"image\/jpeg\" \/>\n<meta name=\"twitter:card\" content=\"summary_large_image\" \/>\n<script type=\"application\/ld+json\" class=\"yoast-schema-graph\">{\"@context\":\"https:\/\/schema.org\",\"@graph\":[{\"@type\":\"WebPage\",\"@id\":\"https:\/\/marvelpit.sk\/en\/product\/electric-turn-with-lever-actuator-mpr\/\",\"url\":\"https:\/\/marvelpit.sk\/en\/product\/electric-turn-with-lever-actuator-mpr\/\",\"name\":\"Electric turn with lever actuator MPR - MARVEL P.I.&amp;T. | MARVEL-BMT | Electric actuators\",\"isPartOf\":{\"@id\":\"https:\/\/marvelpit.sk\/#website\"},\"primaryImageOfPage\":{\"@id\":\"https:\/\/marvelpit.sk\/en\/product\/electric-turn-with-lever-actuator-mpr\/#primaryimage\"},\"image\":{\"@id\":\"https:\/\/marvelpit.sk\/en\/product\/electric-turn-with-lever-actuator-mpr\/#primaryimage\"},\"thumbnailUrl\":\"https:\/\/marvelpit.sk\/wp-content\/uploads\/2016\/09\/MPR.jpg\",\"datePublished\":\"2016-05-23T11:47:23+00:00\",\"dateModified\":\"2019-10-11T11:42:46+00:00\",\"description\":\"Electric turn with lever actuators MPR operating at a variable output speed has been specially designed for the control of actuating variables\",\"breadcrumb\":{\"@id\":\"https:\/\/marvelpit.sk\/en\/product\/electric-turn-with-lever-actuator-mpr\/#breadcrumb\"},\"inLanguage\":\"en-US\",\"potentialAction\":[{\"@type\":\"ReadAction\",\"target\":[\"https:\/\/marvelpit.sk\/en\/product\/electric-turn-with-lever-actuator-mpr\/\"]}]},{\"@type\":\"ImageObject\",\"inLanguage\":\"en-US\",\"@id\":\"https:\/\/marvelpit.sk\/en\/product\/electric-turn-with-lever-actuator-mpr\/#primaryimage\",\"url\":\"https:\/\/marvelpit.sk\/wp-content\/uploads\/2016\/09\/MPR.jpg\",\"contentUrl\":\"https:\/\/marvelpit.sk\/wp-content\/uploads\/2016\/09\/MPR.jpg\",\"width\":600,\"height\":600},{\"@type\":\"BreadcrumbList\",\"@id\":\"https:\/\/marvelpit.sk\/en\/product\/electric-turn-with-lever-actuator-mpr\/#breadcrumb\",\"itemListElement\":[{\"@type\":\"ListItem\",\"position\":1,\"name\":\"MARVEL P.I.&T. | MARVEL-BMT\",\"item\":\"https:\/\/marvelpit.sk\/en\/\"},{\"@type\":\"ListItem\",\"position\":2,\"name\":\"Products\",\"item\":\"https:\/\/marvelpit.sk\/en\/products\/\"},{\"@type\":\"ListItem\",\"position\":3,\"name\":\"Elektrick\u00e9 servopohony\",\"item\":\"https:\/\/marvelpit.sk\/kategoria-produktu\/elektricke-servopohony\/\"},{\"@type\":\"ListItem\",\"position\":4,\"name\":\"ZPA Pe\u010dky\",\"item\":\"https:\/\/marvelpit.sk\/kategoria-produktu\/elektricke-servopohony\/zpa-pecky\/\"},{\"@type\":\"ListItem\",\"position\":5,\"name\":\"P\u00e1kov\u00e9 elektrick\u00e9 servopohony\",\"item\":\"https:\/\/marvelpit.sk\/kategoria-produktu\/elektricke-servopohony\/zpa-pecky\/pakove-servopohony\/\"},{\"@type\":\"ListItem\",\"position\":6,\"name\":\"Electric turn with lever actuator MPR\"}]},{\"@type\":\"WebSite\",\"@id\":\"https:\/\/marvelpit.sk\/#website\",\"url\":\"https:\/\/marvelpit.sk\/\",\"name\":\"MARVEL P.I.&amp;T. | MARVEL-BMT | Electric actuators\",\"description\":\"Central european business company Marvel - Electric actuators, Valves\",\"potentialAction\":[{\"@type\":\"SearchAction\",\"target\":{\"@type\":\"EntryPoint\",\"urlTemplate\":\"https:\/\/marvelpit.sk\/?s={search_term_string}\"},\"query-input\":{\"@type\":\"PropertyValueSpecification\",\"valueRequired\":true,\"valueName\":\"search_term_string\"}}],\"inLanguage\":\"en-US\"}]}<\/script>\n<!-- \/ Yoast SEO plugin. -->","yoast_head_json":{"title":"Electric turn with lever actuator MPR - MARVEL P.I.&amp;T. | MARVEL-BMT | Electric actuators","description":"Electric turn with lever actuators MPR operating at a variable output speed has been specially designed for the control of actuating variables","robots":{"index":"index","follow":"follow","max-snippet":"max-snippet:-1","max-image-preview":"max-image-preview:large","max-video-preview":"max-video-preview:-1"},"canonical":"https:\/\/marvelpit.sk\/en\/product\/electric-turn-with-lever-actuator-mpr\/","og_locale":"en_US","og_type":"article","og_title":"Electric turn with lever actuator MPR - MARVEL P.I.&amp;T. | MARVEL-BMT | Electric actuators","og_description":"Electric turn with lever actuators MPR operating at a variable output speed has been specially designed for the control of actuating variables","og_url":"https:\/\/marvelpit.sk\/en\/product\/electric-turn-with-lever-actuator-mpr\/","og_site_name":"MARVEL P.I.&amp;T. | MARVEL-BMT | Electric actuators","article_modified_time":"2019-10-11T11:42:46+00:00","og_image":[{"width":600,"height":600,"url":"https:\/\/marvelpit.sk\/wp-content\/uploads\/2016\/09\/MPR.jpg","type":"image\/jpeg"}],"twitter_card":"summary_large_image","schema":{"@context":"https:\/\/schema.org","@graph":[{"@type":"WebPage","@id":"https:\/\/marvelpit.sk\/en\/product\/electric-turn-with-lever-actuator-mpr\/","url":"https:\/\/marvelpit.sk\/en\/product\/electric-turn-with-lever-actuator-mpr\/","name":"Electric turn with lever actuator MPR - MARVEL P.I.&amp;T. | MARVEL-BMT | Electric actuators","isPartOf":{"@id":"https:\/\/marvelpit.sk\/#website"},"primaryImageOfPage":{"@id":"https:\/\/marvelpit.sk\/en\/product\/electric-turn-with-lever-actuator-mpr\/#primaryimage"},"image":{"@id":"https:\/\/marvelpit.sk\/en\/product\/electric-turn-with-lever-actuator-mpr\/#primaryimage"},"thumbnailUrl":"https:\/\/marvelpit.sk\/wp-content\/uploads\/2016\/09\/MPR.jpg","datePublished":"2016-05-23T11:47:23+00:00","dateModified":"2019-10-11T11:42:46+00:00","description":"Electric turn with lever actuators MPR operating at a variable output speed has been specially designed for the control of actuating variables","breadcrumb":{"@id":"https:\/\/marvelpit.sk\/en\/product\/electric-turn-with-lever-actuator-mpr\/#breadcrumb"},"inLanguage":"en-US","potentialAction":[{"@type":"ReadAction","target":["https:\/\/marvelpit.sk\/en\/product\/electric-turn-with-lever-actuator-mpr\/"]}]},{"@type":"ImageObject","inLanguage":"en-US","@id":"https:\/\/marvelpit.sk\/en\/product\/electric-turn-with-lever-actuator-mpr\/#primaryimage","url":"https:\/\/marvelpit.sk\/wp-content\/uploads\/2016\/09\/MPR.jpg","contentUrl":"https:\/\/marvelpit.sk\/wp-content\/uploads\/2016\/09\/MPR.jpg","width":600,"height":600},{"@type":"BreadcrumbList","@id":"https:\/\/marvelpit.sk\/en\/product\/electric-turn-with-lever-actuator-mpr\/#breadcrumb","itemListElement":[{"@type":"ListItem","position":1,"name":"MARVEL P.I.&T. | MARVEL-BMT","item":"https:\/\/marvelpit.sk\/en\/"},{"@type":"ListItem","position":2,"name":"Products","item":"https:\/\/marvelpit.sk\/en\/products\/"},{"@type":"ListItem","position":3,"name":"Elektrick\u00e9 servopohony","item":"https:\/\/marvelpit.sk\/kategoria-produktu\/elektricke-servopohony\/"},{"@type":"ListItem","position":4,"name":"ZPA Pe\u010dky","item":"https:\/\/marvelpit.sk\/kategoria-produktu\/elektricke-servopohony\/zpa-pecky\/"},{"@type":"ListItem","position":5,"name":"P\u00e1kov\u00e9 elektrick\u00e9 servopohony","item":"https:\/\/marvelpit.sk\/kategoria-produktu\/elektricke-servopohony\/zpa-pecky\/pakove-servopohony\/"},{"@type":"ListItem","position":6,"name":"Electric turn with lever actuator MPR"}]},{"@type":"WebSite","@id":"https:\/\/marvelpit.sk\/#website","url":"https:\/\/marvelpit.sk\/","name":"MARVEL P.I.&amp;T. | MARVEL-BMT | Electric actuators","description":"Central european business company Marvel - Electric actuators, Valves","potentialAction":[{"@type":"SearchAction","target":{"@type":"EntryPoint","urlTemplate":"https:\/\/marvelpit.sk\/?s={search_term_string}"},"query-input":{"@type":"PropertyValueSpecification","valueRequired":true,"valueName":"search_term_string"}}],"inLanguage":"en-US"}]}},"_links":{"self":[{"href":"https:\/\/marvelpit.sk\/en\/wp-json\/wp\/v2\/product\/4383","targetHints":{"allow":["GET"]}}],"collection":[{"href":"https:\/\/marvelpit.sk\/en\/wp-json\/wp\/v2\/product"}],"about":[{"href":"https:\/\/marvelpit.sk\/en\/wp-json\/wp\/v2\/types\/product"}],"replies":[{"embeddable":true,"href":"https:\/\/marvelpit.sk\/en\/wp-json\/wp\/v2\/comments?post=4383"}],"wp:featuredmedia":[{"embeddable":true,"href":"https:\/\/marvelpit.sk\/en\/wp-json\/wp\/v2\/media\/5537"}],"wp:attachment":[{"href":"https:\/\/marvelpit.sk\/en\/wp-json\/wp\/v2\/media?parent=4383"}],"wp:term":[{"taxonomy":"product_brand","embeddable":true,"href":"https:\/\/marvelpit.sk\/en\/wp-json\/wp\/v2\/product_brand?post=4383"},{"taxonomy":"product_cat","embeddable":true,"href":"https:\/\/marvelpit.sk\/en\/wp-json\/wp\/v2\/product_cat?post=4383"},{"taxonomy":"product_tag","embeddable":true,"href":"https:\/\/marvelpit.sk\/en\/wp-json\/wp\/v2\/product_tag?post=4383"}],"curies":[{"name":"wp","href":"https:\/\/api.w.org\/{rel}","templated":true}]}}