{"id":9527,"date":"2018-02-09T14:42:10","date_gmt":"2018-02-09T12:42:10","guid":{"rendered":"https:\/\/new.marvelpit.sk\/?post_type=product&#038;p=9527"},"modified":"2023-10-04T14:34:50","modified_gmt":"2023-10-04T12:34:50","slug":"electric-part-turn-actuator-up-2-4","status":"publish","type":"product","link":"https:\/\/marvelpit.sk\/en\/product\/electric-part-turn-actuator-up-2-4\/","title":{"rendered":"Electric part-turn actuator UP 2.4"},"content":{"rendered":"<h2><\/h2>\n<h2>UP 2.4 \u2013 electric part-turn actuator<\/h2>\n<p>&nbsp;<\/p>\n<h2>Standard equipment<\/h2>\n<ul>\n<li>Supply voltage 230 V AC<\/li>\n<li>Terminal board connection<\/li>\n<li>2 torque switches<\/li>\n<li>2 position switches<\/li>\n<li>2 additional position switches<\/li>\n<li>Mechanical connection ISO 5211<\/li>\n<li>Space heater with thermal switch<\/li>\n<li>Thermal protection of motor<\/li>\n<li>Local position indicator<\/li>\n<li>Manual control<\/li>\n<\/ul>\n<h2>Additional equipment<\/h2>\n<ul>\n<li>Supply voltage 3&#215;400 V AC, 110 V AC\/60 Hz, 120 V AC\/60 Hz<\/li>\n<li>Connector connection<\/li>\n<li>Reverse unit<\/li>\n<li>Transmitter:<br \/>\n&#8211; potentiometer: 1&#215;100 \u2126, 1&#215;2000 \u2126, 2&#215;100 \u2126, 2&#215;2000 \u2126<br \/>\n&#8211; electronic position transmitter 0\/4 &#8211; 20 mA, (passive\/active)<br \/>\n&#8211; CPT (capacitive) 4 &#8211; 20 mA, (passive\/active)<\/li>\n<li>Gold coated microswitch contacts<\/li>\n<li>Electric local control<\/li>\n<\/ul>\n<h2>Documents for downloads<\/h2>\n<ul>\n<li><a href=\"https:\/\/marvelpit.sk\/wp-content\/uploads\/2018\/12\/Gen_cond-Standard_sk-en-3.pdf\" target=\"_blank\" rel=\"noopener noreferrer\">General conditions<\/a><\/li>\n<li><a href=\"https:\/\/marvelpit.sk\/wp-content\/uploads\/2018\/02\/UP_2.4_sk-en-1.pdf\" target=\"_blank\" rel=\"noopener noreferrer\">Technical data sheet<\/a><\/li>\n<li><a href=\"https:\/\/marvelpit.sk\/wp-content\/uploads\/2018\/12\/UPX_74098402_en.pdf\" target=\"_blank\" rel=\"noopener noreferrer\">Installation instructions<\/a><\/li>\n<\/ul>\n<p>&nbsp;<\/p>\n","protected":false},"excerpt":{"rendered":"<p>UP 2.4 \u2013 electric part-turn actuator &nbsp; Standard equipment Supply voltage 230 V AC Terminal board connection 2 torque switches 2 position switches 2 additional position switches Mechanical connection ISO 5211 Space heater with thermal switch Thermal protection of motor Local position indicator Manual control Additional equipment Supply voltage 3&#215;400 V AC, 110 V AC\/60 [&hellip;]<\/p>\n","protected":false},"featured_media":9524,"comment_status":"open","ping_status":"closed","template":"","meta":{"_acf_changed":false},"product_brand":[],"product_cat":[479,1199,1977,1205],"product_tag":[],"class_list":{"0":"post-9527","1":"product","2":"type-product","3":"status-publish","4":"has-post-thumbnail","6":"product_cat-electric-actuators","7":"product_cat-regada-en","8":"product_cat-part-turn","9":"product_cat-standard-en","10":"pa_doba-prestavenia-17-160-s90-en","11":"pa_hmotnost-29-33-kg-en","12":"pa_krytie-ip-66-ip-68-en","13":"pa_pracovna-poloha-any-position","14":"pa_pracovny-uhol-60-360-en","15":"pa_teplota-okolia-60-55-c-en","16":"pa_typ-konstrukcie-unimact-en","17":"pa_typove-cislo-343-en","18":"pa_vypinaci-moment-110-800-nm-en","20":"first","21":"instock","22":"shipping-taxable","23":"product-type-simple"},"acf":[],"yoast_head":"<!-- This site is optimized with the Yoast SEO plugin v26.6 - https:\/\/yoast.com\/wordpress\/plugins\/seo\/ -->\n<title>Electric part-turn actuator UP 2.4 - MARVEL P.I.&amp;T. | MARVEL-BMT | Electric actuators<\/title>\n<meta name=\"robots\" content=\"index, follow, max-snippet:-1, max-image-preview:large, max-video-preview:-1\" \/>\n<link rel=\"canonical\" href=\"https:\/\/marvelpit.sk\/en\/product\/electric-part-turn-actuator-up-2-4\/\" \/>\n<meta property=\"og:locale\" content=\"en_US\" \/>\n<meta property=\"og:type\" content=\"article\" \/>\n<meta property=\"og:title\" content=\"Electric part-turn actuator UP 2.4 - MARVEL P.I.&amp;T. | MARVEL-BMT | Electric actuators\" \/>\n<meta property=\"og:description\" content=\"UP 2.4 \u2013 electric part-turn actuator &nbsp; Standard equipment Supply voltage 230 V AC Terminal board connection 2 torque switches 2 position switches 2 additional position switches Mechanical connection ISO 5211 Space heater with thermal switch Thermal protection of motor Local position indicator Manual control Additional equipment Supply voltage 3&#215;400 V AC, 110 V AC\/60 [&hellip;]\" \/>\n<meta property=\"og:url\" content=\"https:\/\/marvelpit.sk\/en\/product\/electric-part-turn-actuator-up-2-4\/\" \/>\n<meta property=\"og:site_name\" content=\"MARVEL P.I.&amp;T. | MARVEL-BMT | Electric actuators\" \/>\n<meta property=\"article:modified_time\" content=\"2023-10-04T12:34:50+00:00\" \/>\n<meta property=\"og:image\" content=\"https:\/\/marvelpit.sk\/wp-content\/uploads\/2018\/02\/electric_actuator_r_up_2.4.jpg\" \/>\n\t<meta property=\"og:image:width\" content=\"500\" \/>\n\t<meta property=\"og:image:height\" content=\"500\" \/>\n\t<meta property=\"og:image:type\" content=\"image\/jpeg\" \/>\n<meta name=\"twitter:card\" content=\"summary_large_image\" \/>\n<script type=\"application\/ld+json\" class=\"yoast-schema-graph\">{\"@context\":\"https:\/\/schema.org\",\"@graph\":[{\"@type\":\"WebPage\",\"@id\":\"https:\/\/marvelpit.sk\/en\/product\/electric-part-turn-actuator-up-2-4\/\",\"url\":\"https:\/\/marvelpit.sk\/en\/product\/electric-part-turn-actuator-up-2-4\/\",\"name\":\"Electric part-turn actuator UP 2.4 - MARVEL P.I.&amp;T. | MARVEL-BMT | Electric actuators\",\"isPartOf\":{\"@id\":\"https:\/\/marvelpit.sk\/#website\"},\"primaryImageOfPage\":{\"@id\":\"https:\/\/marvelpit.sk\/en\/product\/electric-part-turn-actuator-up-2-4\/#primaryimage\"},\"image\":{\"@id\":\"https:\/\/marvelpit.sk\/en\/product\/electric-part-turn-actuator-up-2-4\/#primaryimage\"},\"thumbnailUrl\":\"https:\/\/marvelpit.sk\/wp-content\/uploads\/2018\/02\/electric_actuator_r_up_2.4.jpg\",\"datePublished\":\"2018-02-09T12:42:10+00:00\",\"dateModified\":\"2023-10-04T12:34:50+00:00\",\"breadcrumb\":{\"@id\":\"https:\/\/marvelpit.sk\/en\/product\/electric-part-turn-actuator-up-2-4\/#breadcrumb\"},\"inLanguage\":\"en-US\",\"potentialAction\":[{\"@type\":\"ReadAction\",\"target\":[\"https:\/\/marvelpit.sk\/en\/product\/electric-part-turn-actuator-up-2-4\/\"]}]},{\"@type\":\"ImageObject\",\"inLanguage\":\"en-US\",\"@id\":\"https:\/\/marvelpit.sk\/en\/product\/electric-part-turn-actuator-up-2-4\/#primaryimage\",\"url\":\"https:\/\/marvelpit.sk\/wp-content\/uploads\/2018\/02\/electric_actuator_r_up_2.4.jpg\",\"contentUrl\":\"https:\/\/marvelpit.sk\/wp-content\/uploads\/2018\/02\/electric_actuator_r_up_2.4.jpg\",\"width\":500,\"height\":500},{\"@type\":\"BreadcrumbList\",\"@id\":\"https:\/\/marvelpit.sk\/en\/product\/electric-part-turn-actuator-up-2-4\/#breadcrumb\",\"itemListElement\":[{\"@type\":\"ListItem\",\"position\":1,\"name\":\"MARVEL P.I.&T. | MARVEL-BMT\",\"item\":\"https:\/\/marvelpit.sk\/en\/\"},{\"@type\":\"ListItem\",\"position\":2,\"name\":\"Products\",\"item\":\"https:\/\/marvelpit.sk\/en\/products\/\"},{\"@type\":\"ListItem\",\"position\":3,\"name\":\"Elektrick\u00e9 servopohony\",\"item\":\"https:\/\/marvelpit.sk\/kategoria-produktu\/elektricke-servopohony\/\"},{\"@type\":\"ListItem\",\"position\":4,\"name\":\"Regada\",\"item\":\"https:\/\/marvelpit.sk\/kategoria-produktu\/elektricke-servopohony\/regada\/\"},{\"@type\":\"ListItem\",\"position\":5,\"name\":\"Elektrick\u00e9 servopohony jednoot\u00e1\u010dkov\u00e9\",\"item\":\"https:\/\/marvelpit.sk\/kategoria-produktu\/elektricke-servopohony\/regada\/jednootackove\/\"},{\"@type\":\"ListItem\",\"position\":6,\"name\":\"Elektrick\u00e9 servopohony jednoot\u00e1\u010dkov\u00e9 STANDARD\",\"item\":\"https:\/\/marvelpit.sk\/kategoria-produktu\/elektricke-servopohony\/regada\/jednootackove\/standard\/\"},{\"@type\":\"ListItem\",\"position\":7,\"name\":\"Electric part-turn actuator UP 2.4\"}]},{\"@type\":\"WebSite\",\"@id\":\"https:\/\/marvelpit.sk\/#website\",\"url\":\"https:\/\/marvelpit.sk\/\",\"name\":\"MARVEL P.I.&amp;T. | MARVEL-BMT | Electric actuators\",\"description\":\"Central european business company Marvel - Electric actuators, Valves\",\"potentialAction\":[{\"@type\":\"SearchAction\",\"target\":{\"@type\":\"EntryPoint\",\"urlTemplate\":\"https:\/\/marvelpit.sk\/?s={search_term_string}\"},\"query-input\":{\"@type\":\"PropertyValueSpecification\",\"valueRequired\":true,\"valueName\":\"search_term_string\"}}],\"inLanguage\":\"en-US\"}]}<\/script>\n<!-- \/ Yoast SEO plugin. -->","yoast_head_json":{"title":"Electric part-turn actuator UP 2.4 - MARVEL P.I.&amp;T. | MARVEL-BMT | Electric actuators","robots":{"index":"index","follow":"follow","max-snippet":"max-snippet:-1","max-image-preview":"max-image-preview:large","max-video-preview":"max-video-preview:-1"},"canonical":"https:\/\/marvelpit.sk\/en\/product\/electric-part-turn-actuator-up-2-4\/","og_locale":"en_US","og_type":"article","og_title":"Electric part-turn actuator UP 2.4 - MARVEL P.I.&amp;T. | MARVEL-BMT | Electric actuators","og_description":"UP 2.4 \u2013 electric part-turn actuator &nbsp; Standard equipment Supply voltage 230 V AC Terminal board connection 2 torque switches 2 position switches 2 additional position switches Mechanical connection ISO 5211 Space heater with thermal switch Thermal protection of motor Local position indicator Manual control Additional equipment Supply voltage 3&#215;400 V AC, 110 V AC\/60 [&hellip;]","og_url":"https:\/\/marvelpit.sk\/en\/product\/electric-part-turn-actuator-up-2-4\/","og_site_name":"MARVEL P.I.&amp;T. | MARVEL-BMT | Electric actuators","article_modified_time":"2023-10-04T12:34:50+00:00","og_image":[{"width":500,"height":500,"url":"https:\/\/marvelpit.sk\/wp-content\/uploads\/2018\/02\/electric_actuator_r_up_2.4.jpg","type":"image\/jpeg"}],"twitter_card":"summary_large_image","schema":{"@context":"https:\/\/schema.org","@graph":[{"@type":"WebPage","@id":"https:\/\/marvelpit.sk\/en\/product\/electric-part-turn-actuator-up-2-4\/","url":"https:\/\/marvelpit.sk\/en\/product\/electric-part-turn-actuator-up-2-4\/","name":"Electric part-turn actuator UP 2.4 - MARVEL P.I.&amp;T. | MARVEL-BMT | Electric actuators","isPartOf":{"@id":"https:\/\/marvelpit.sk\/#website"},"primaryImageOfPage":{"@id":"https:\/\/marvelpit.sk\/en\/product\/electric-part-turn-actuator-up-2-4\/#primaryimage"},"image":{"@id":"https:\/\/marvelpit.sk\/en\/product\/electric-part-turn-actuator-up-2-4\/#primaryimage"},"thumbnailUrl":"https:\/\/marvelpit.sk\/wp-content\/uploads\/2018\/02\/electric_actuator_r_up_2.4.jpg","datePublished":"2018-02-09T12:42:10+00:00","dateModified":"2023-10-04T12:34:50+00:00","breadcrumb":{"@id":"https:\/\/marvelpit.sk\/en\/product\/electric-part-turn-actuator-up-2-4\/#breadcrumb"},"inLanguage":"en-US","potentialAction":[{"@type":"ReadAction","target":["https:\/\/marvelpit.sk\/en\/product\/electric-part-turn-actuator-up-2-4\/"]}]},{"@type":"ImageObject","inLanguage":"en-US","@id":"https:\/\/marvelpit.sk\/en\/product\/electric-part-turn-actuator-up-2-4\/#primaryimage","url":"https:\/\/marvelpit.sk\/wp-content\/uploads\/2018\/02\/electric_actuator_r_up_2.4.jpg","contentUrl":"https:\/\/marvelpit.sk\/wp-content\/uploads\/2018\/02\/electric_actuator_r_up_2.4.jpg","width":500,"height":500},{"@type":"BreadcrumbList","@id":"https:\/\/marvelpit.sk\/en\/product\/electric-part-turn-actuator-up-2-4\/#breadcrumb","itemListElement":[{"@type":"ListItem","position":1,"name":"MARVEL P.I.&T. | MARVEL-BMT","item":"https:\/\/marvelpit.sk\/en\/"},{"@type":"ListItem","position":2,"name":"Products","item":"https:\/\/marvelpit.sk\/en\/products\/"},{"@type":"ListItem","position":3,"name":"Elektrick\u00e9 servopohony","item":"https:\/\/marvelpit.sk\/kategoria-produktu\/elektricke-servopohony\/"},{"@type":"ListItem","position":4,"name":"Regada","item":"https:\/\/marvelpit.sk\/kategoria-produktu\/elektricke-servopohony\/regada\/"},{"@type":"ListItem","position":5,"name":"Elektrick\u00e9 servopohony jednoot\u00e1\u010dkov\u00e9","item":"https:\/\/marvelpit.sk\/kategoria-produktu\/elektricke-servopohony\/regada\/jednootackove\/"},{"@type":"ListItem","position":6,"name":"Elektrick\u00e9 servopohony jednoot\u00e1\u010dkov\u00e9 STANDARD","item":"https:\/\/marvelpit.sk\/kategoria-produktu\/elektricke-servopohony\/regada\/jednootackove\/standard\/"},{"@type":"ListItem","position":7,"name":"Electric part-turn actuator UP 2.4"}]},{"@type":"WebSite","@id":"https:\/\/marvelpit.sk\/#website","url":"https:\/\/marvelpit.sk\/","name":"MARVEL P.I.&amp;T. | MARVEL-BMT | Electric actuators","description":"Central european business company Marvel - Electric actuators, Valves","potentialAction":[{"@type":"SearchAction","target":{"@type":"EntryPoint","urlTemplate":"https:\/\/marvelpit.sk\/?s={search_term_string}"},"query-input":{"@type":"PropertyValueSpecification","valueRequired":true,"valueName":"search_term_string"}}],"inLanguage":"en-US"}]}},"_links":{"self":[{"href":"https:\/\/marvelpit.sk\/en\/wp-json\/wp\/v2\/product\/9527","targetHints":{"allow":["GET"]}}],"collection":[{"href":"https:\/\/marvelpit.sk\/en\/wp-json\/wp\/v2\/product"}],"about":[{"href":"https:\/\/marvelpit.sk\/en\/wp-json\/wp\/v2\/types\/product"}],"replies":[{"embeddable":true,"href":"https:\/\/marvelpit.sk\/en\/wp-json\/wp\/v2\/comments?post=9527"}],"wp:featuredmedia":[{"embeddable":true,"href":"https:\/\/marvelpit.sk\/en\/wp-json\/wp\/v2\/media\/9524"}],"wp:attachment":[{"href":"https:\/\/marvelpit.sk\/en\/wp-json\/wp\/v2\/media?parent=9527"}],"wp:term":[{"taxonomy":"product_brand","embeddable":true,"href":"https:\/\/marvelpit.sk\/en\/wp-json\/wp\/v2\/product_brand?post=9527"},{"taxonomy":"product_cat","embeddable":true,"href":"https:\/\/marvelpit.sk\/en\/wp-json\/wp\/v2\/product_cat?post=9527"},{"taxonomy":"product_tag","embeddable":true,"href":"https:\/\/marvelpit.sk\/en\/wp-json\/wp\/v2\/product_tag?post=9527"}],"curies":[{"name":"wp","href":"https:\/\/api.w.org\/{rel}","templated":true}]}}