{"id":4406,"date":"2016-05-23T13:51:21","date_gmt":"2016-05-23T11:51:21","guid":{"rendered":"https:\/\/new.marvelpit.sk\/produkty\/%d1%8d%d0%bb%d0%b5%d0%ba%d1%82%d1%80%d0%be%d0%bf%d1%80%d0%b8%d0%b2%d0%be%d0%b4-mpsp-ip67\/"},"modified":"2019-10-11T13:45:36","modified_gmt":"2019-10-11T11:45:36","slug":"electric-turn-with-lever-actuators-mpsp","status":"publish","type":"product","link":"https:\/\/marvelpit.sk\/ru\/product\/electric-turn-with-lever-actuators-mpsp\/","title":{"rendered":"\u042d\u043b\u0435\u043a\u0442\u0440\u043e\u043f\u0440\u0438\u0432\u043e\u0434 \u0440\u044b\u0447\u0430\u0436\u043d\u044b\u0439 MPSP"},"content":{"rendered":"<h2><\/h2>\n<h2>MPSP &#8212; \u044d\u043b\u0435\u043a\u0442\u0440\u043e\u043f\u0440\u0438\u0432\u043e\u0434 \u0440\u044b\u0447\u0430\u0436\u043d\u044b\u0439<\/h2>\n<p>&nbsp;<\/p>\n<h2>\u041d\u0430\u0437\u043d\u0430\u0447\u0435\u043d\u0438\u0435<\/h2>\n<p><strong>\u042d\u043b\u0435\u043a\u0442\u0440\u043e\u043f\u0440\u0438\u0432\u043e\u0434 \u0440\u044b\u0447\u0430\u0436\u043d\u044b\u0439 MPSP <\/strong>\u0438\u0441\u043f\u043e\u043b\u044c\u0437\u0443\u0435\u0442\u0441\u044f\u00a0\u0434\u043b\u044f \u0434\u0438\u0441\u0442\u0430\u043d\u0446\u0438\u043e\u043d\u043d\u043e\u0433\u043e \u0443\u043f\u0440\u0430\u0432\u043b\u0435\u043d\u0438\u044f \u0438 \u0434\u043b\u044f \u0430\u0432\u0442\u043e\u043c\u0430\u0442\u0438\u0447\u0435\u0441\u043a\u043e\u0439 \u0440\u0435\u0433\u0443\u043b\u0438\u0440\u043e\u0432\u043a\u0438 \u043a\u043b\u0430\u043f\u0430\u043d\u043e\u0432, \u0448\u0442\u043e\u0440\u043d\u044b\u0445 \u0437\u0430\u0442\u0432\u043e\u0440\u043e\u0432, \u0434\u043b\u044f \u043f\u043e\u0432\u043e\u0440\u043e\u0442\u0430 \u0449\u0435\u0442\u043e\u043a \u044d\u043b. \u0434\u0432\u0438\u0433\u0430\u0442\u0435\u043b\u0435\u0439 \u0438 \u0434\u043b\u044f \u0443\u043f\u0440\u0430\u0432\u043b\u0435\u043d\u0438\u044f \u043e\u0440\u0433\u0430\u043d\u0430\u043c\u0438 \u0440\u0435\u0433\u0443\u043b\u0438\u0440\u043e\u0432\u043a\u0438 \u043e\u0442\u043e\u043f\u0438\u0442\u0435\u043b\u044c\u043d\u044b\u0445 \u0443\u0441\u0442\u0440\u043e\u0439\u0441\u0442\u0432, \u0443\u0441\u0442\u0440\u043e\u0439\u0441\u0442\u0432 \u043a\u043e\u043d\u0434\u0438\u0446\u0438\u043e\u043d\u0438\u0440\u043e\u0432\u0430\u043d\u0438\u044f \u0432\u043e\u0437\u0434\u0443\u0445\u0430 \u0438\u043b\u0438 \u0434\u0440\u0443\u0433\u0438\u0445 \u0443\u0441\u0442\u0440\u043e\u0439\u0441\u0442\u0432, \u0434\u043b\u044f \u043a\u043e\u0442\u043e\u0440\u044b\u0445 \u043e\u043d\u0438 \u043f\u043e\u0434\u0445\u043e\u0434\u044f\u0442 \u043f\u043e \u0441\u0432\u043e\u0438\u043c \u043f\u0430\u0440\u0430\u043c\u0435\u0442\u0440\u0430\u043c. \u042d\u043b\u0435\u043a\u0442\u0440\u043e\u043f\u0440\u0438\u0432\u043e\u0434\u044b <strong>MODACT MPSP<\/strong> control \u043f\u0440\u0435\u0434\u043d\u0430\u0437\u043d\u0430\u0447\u0435\u043d\u044b \u0434\u043b\u044f \u0440\u0430\u0431\u043e\u0442\u044b \u0432 \u0441\u0445\u0435\u043c\u0430\u0445 \u0430\u0432\u0442\u043e\u043c\u0430\u0442\u0438\u0447\u0435\u0441\u043a\u043e\u0439 \u0440\u0435\u0433\u0443\u043b\u0438\u0440\u043e\u0432\u043a\u0438 \u0441 \u043d\u0435\u043f\u0440\u0435\u0440\u044b\u0432\u043d\u044b\u043c \u0443\u043f\u0440\u0430\u0432\u043b\u044f\u044e\u0449\u0438\u043c \u0441\u0438\u0433\u043d\u0430\u043b\u043e\u043c.<\/p>\n<h2>\u0414\u043e\u043a\u0443\u043c\u0435\u043d\u0442\u044b \u0434\u043b\u044f \u0441\u043a\u0430\u0447\u0438\u0432\u0430\u043d\u0438\u044f<\/h2>\n<p>&nbsp;<\/p>\n","protected":false},"excerpt":{"rendered":"<p>MPSP &#8212; \u044d\u043b\u0435\u043a\u0442\u0440\u043e\u043f\u0440\u0438\u0432\u043e\u0434 \u0440\u044b\u0447\u0430\u0436\u043d\u044b\u0439 &nbsp; \u041d\u0430\u0437\u043d\u0430\u0447\u0435\u043d\u0438\u0435 \u042d\u043b\u0435\u043a\u0442\u0440\u043e\u043f\u0440\u0438\u0432\u043e\u0434 \u0440\u044b\u0447\u0430\u0436\u043d\u044b\u0439 MPSP \u0438\u0441\u043f\u043e\u043b\u044c\u0437\u0443\u0435\u0442\u0441\u044f\u00a0\u0434\u043b\u044f \u0434\u0438\u0441\u0442\u0430\u043d\u0446\u0438\u043e\u043d\u043d\u043e\u0433\u043e \u0443\u043f\u0440\u0430\u0432\u043b\u0435\u043d\u0438\u044f \u0438 \u0434\u043b\u044f \u0430\u0432\u0442\u043e\u043c\u0430\u0442\u0438\u0447\u0435\u0441\u043a\u043e\u0439 \u0440\u0435\u0433\u0443\u043b\u0438\u0440\u043e\u0432\u043a\u0438 \u043a\u043b\u0430\u043f\u0430\u043d\u043e\u0432, \u0448\u0442\u043e\u0440\u043d\u044b\u0445 \u0437\u0430\u0442\u0432\u043e\u0440\u043e\u0432, \u0434\u043b\u044f \u043f\u043e\u0432\u043e\u0440\u043e\u0442\u0430 \u0449\u0435\u0442\u043e\u043a \u044d\u043b. \u0434\u0432\u0438\u0433\u0430\u0442\u0435\u043b\u0435\u0439 \u0438 \u0434\u043b\u044f \u0443\u043f\u0440\u0430\u0432\u043b\u0435\u043d\u0438\u044f \u043e\u0440\u0433\u0430\u043d\u0430\u043c\u0438 \u0440\u0435\u0433\u0443\u043b\u0438\u0440\u043e\u0432\u043a\u0438 \u043e\u0442\u043e\u043f\u0438\u0442\u0435\u043b\u044c\u043d\u044b\u0445 \u0443\u0441\u0442\u0440\u043e\u0439\u0441\u0442\u0432, \u0443\u0441\u0442\u0440\u043e\u0439\u0441\u0442\u0432 \u043a\u043e\u043d\u0434\u0438\u0446\u0438\u043e\u043d\u0438\u0440\u043e\u0432\u0430\u043d\u0438\u044f \u0432\u043e\u0437\u0434\u0443\u0445\u0430 \u0438\u043b\u0438 \u0434\u0440\u0443\u0433\u0438\u0445 \u0443\u0441\u0442\u0440\u043e\u0439\u0441\u0442\u0432, \u0434\u043b\u044f \u043a\u043e\u0442\u043e\u0440\u044b\u0445 \u043e\u043d\u0438 \u043f\u043e\u0434\u0445\u043e\u0434\u044f\u0442 \u043f\u043e \u0441\u0432\u043e\u0438\u043c \u043f\u0430\u0440\u0430\u043c\u0435\u0442\u0440\u0430\u043c. \u042d\u043b\u0435\u043a\u0442\u0440\u043e\u043f\u0440\u0438\u0432\u043e\u0434\u044b MODACT MPSP control \u043f\u0440\u0435\u0434\u043d\u0430\u0437\u043d\u0430\u0447\u0435\u043d\u044b \u0434\u043b\u044f \u0440\u0430\u0431\u043e\u0442\u044b \u0432 \u0441\u0445\u0435\u043c\u0430\u0445 \u0430\u0432\u0442\u043e\u043c\u0430\u0442\u0438\u0447\u0435\u0441\u043a\u043e\u0439 \u0440\u0435\u0433\u0443\u043b\u0438\u0440\u043e\u0432\u043a\u0438 [&hellip;]<\/p>\n","protected":false},"featured_media":5547,"comment_status":"open","ping_status":"closed","template":"","meta":{"_acf_changed":false},"product_brand":[],"product_cat":[482,484,1238],"product_tag":[],"class_list":{"0":"post-4406","1":"product","2":"type-product","3":"status-publish","4":"has-post-thumbnail","6":"product_cat-electric-actuators-ru","7":"product_cat-zpa-pecky-ru","8":"product_cat-lever-ru","9":"pa_doba-prestavenia-8-120-s90-ru","10":"pa_hmotnost-70-267-kg-ru","11":"pa_krytie-ip-67-ru","12":"pa_pracovna-poloha-ny-position-according-ts-ru","13":"pa_pracovny-uhol-160-ru","14":"pa_teplota-okolia-40-70-c-ru","15":"pa_typ-konstrukcie-modact-ru","16":"pa_typove-cislo-52-261-52-262-52-263-52-264-62-265-52-266-ru","17":"pa_vypinaci-moment-100-4-000-nm-ru","19":"first","20":"instock","21":"shipping-taxable","22":"product-type-simple"},"acf":[],"yoast_head":"<!-- This site is optimized with the Yoast SEO plugin v26.6 - https:\/\/yoast.com\/wordpress\/plugins\/seo\/ -->\n<title>\u042d\u043b\u0435\u043a\u0442\u0440\u043e\u043f\u0440\u0438\u0432\u043e\u0434 \u0440\u044b\u0447\u0430\u0436\u043d\u044b\u0439 MPSP - MARVEL P.I.&amp;T. | MARVEL-BMT | \u042d\u043b\u0435\u043a\u0442\u0440\u043e\u043f\u0440\u0438\u0432\u043e\u0434\u044b<\/title>\n<meta name=\"description\" content=\"\u042d\u043b\u0435\u043a\u0442\u0440\u043e\u043f\u0440\u0438\u0432\u043e\u0434 \u0440\u044b\u0447\u0430\u0436\u043d\u044b\u0439 MPSP \u0438\u0441\u043f\u043e\u043b\u044c\u0437\u0443\u0435\u0442\u0441\u044f \u0434\u043b\u044f \u0434\u0438\u0441\u0442\u0430\u043d\u0446\u0438\u043e\u043d\u043d\u043e\u0433\u043e \u0443\u043f\u0440\u0430\u0432\u043b\u0435\u043d\u0438\u044f \u0438 \u0434\u043b\u044f \u0430\u0432\u0442\u043e\u043c\u0430\u0442\u0438\u0447\u0435\u0441\u043a\u043e\u0439 \u0440\u0435\u0433\u0443\u043b\u0438\u0440\u043e\u0432\u043a\u0438 \u043a\u043b\u0430\u043f\u0430\u043d\u043e\u0432, \u0448\u0442\u043e\u0440\u043d\u044b\u0445 \u0437\u0430\u0442\u0432\u043e\u0440\u043e\u0432, \u0434\u043b\u044f \u043f\u043e\u0432\u043e\u0440\u043e\u0442\u0430 \u0449\u0435\u0442\u043e\u043a \u044d\u043b.\" \/>\n<meta name=\"robots\" content=\"index, follow, max-snippet:-1, max-image-preview:large, max-video-preview:-1\" \/>\n<link rel=\"canonical\" href=\"https:\/\/marvelpit.sk\/ru\/product\/electric-turn-with-lever-actuators-mpsp\/\" \/>\n<meta property=\"og:locale\" content=\"ru_RU\" \/>\n<meta property=\"og:type\" content=\"article\" \/>\n<meta property=\"og:title\" content=\"\u042d\u043b\u0435\u043a\u0442\u0440\u043e\u043f\u0440\u0438\u0432\u043e\u0434 \u0440\u044b\u0447\u0430\u0436\u043d\u044b\u0439 MPSP - MARVEL P.I.&amp;T. | MARVEL-BMT | \u042d\u043b\u0435\u043a\u0442\u0440\u043e\u043f\u0440\u0438\u0432\u043e\u0434\u044b\" \/>\n<meta property=\"og:description\" content=\"\u042d\u043b\u0435\u043a\u0442\u0440\u043e\u043f\u0440\u0438\u0432\u043e\u0434 \u0440\u044b\u0447\u0430\u0436\u043d\u044b\u0439 MPSP \u0438\u0441\u043f\u043e\u043b\u044c\u0437\u0443\u0435\u0442\u0441\u044f \u0434\u043b\u044f \u0434\u0438\u0441\u0442\u0430\u043d\u0446\u0438\u043e\u043d\u043d\u043e\u0433\u043e \u0443\u043f\u0440\u0430\u0432\u043b\u0435\u043d\u0438\u044f \u0438 \u0434\u043b\u044f \u0430\u0432\u0442\u043e\u043c\u0430\u0442\u0438\u0447\u0435\u0441\u043a\u043e\u0439 \u0440\u0435\u0433\u0443\u043b\u0438\u0440\u043e\u0432\u043a\u0438 \u043a\u043b\u0430\u043f\u0430\u043d\u043e\u0432, \u0448\u0442\u043e\u0440\u043d\u044b\u0445 \u0437\u0430\u0442\u0432\u043e\u0440\u043e\u0432, \u0434\u043b\u044f \u043f\u043e\u0432\u043e\u0440\u043e\u0442\u0430 \u0449\u0435\u0442\u043e\u043a \u044d\u043b.\" \/>\n<meta property=\"og:url\" content=\"https:\/\/marvelpit.sk\/ru\/product\/electric-turn-with-lever-actuators-mpsp\/\" \/>\n<meta property=\"og:site_name\" content=\"MARVEL P.I.&amp;T. | MARVEL-BMT | \u042d\u043b\u0435\u043a\u0442\u0440\u043e\u043f\u0440\u0438\u0432\u043e\u0434\u044b\" \/>\n<meta property=\"article:modified_time\" content=\"2019-10-11T11:45:36+00:00\" \/>\n<meta property=\"og:image\" content=\"https:\/\/marvelpit.sk\/wp-content\/uploads\/2016\/05\/MPSP.jpg\" \/>\n\t<meta property=\"og:image:width\" content=\"600\" \/>\n\t<meta property=\"og:image:height\" content=\"600\" \/>\n\t<meta property=\"og:image:type\" content=\"image\/jpeg\" \/>\n<meta name=\"twitter:card\" content=\"summary_large_image\" \/>\n<script type=\"application\/ld+json\" class=\"yoast-schema-graph\">{\"@context\":\"https:\/\/schema.org\",\"@graph\":[{\"@type\":\"WebPage\",\"@id\":\"https:\/\/marvelpit.sk\/ru\/product\/electric-turn-with-lever-actuators-mpsp\/\",\"url\":\"https:\/\/marvelpit.sk\/ru\/product\/electric-turn-with-lever-actuators-mpsp\/\",\"name\":\"\u042d\u043b\u0435\u043a\u0442\u0440\u043e\u043f\u0440\u0438\u0432\u043e\u0434 \u0440\u044b\u0447\u0430\u0436\u043d\u044b\u0439 MPSP - MARVEL P.I.&amp;T. | MARVEL-BMT | \u042d\u043b\u0435\u043a\u0442\u0440\u043e\u043f\u0440\u0438\u0432\u043e\u0434\u044b\",\"isPartOf\":{\"@id\":\"https:\/\/marvelpit.sk\/#website\"},\"primaryImageOfPage\":{\"@id\":\"https:\/\/marvelpit.sk\/ru\/product\/electric-turn-with-lever-actuators-mpsp\/#primaryimage\"},\"image\":{\"@id\":\"https:\/\/marvelpit.sk\/ru\/product\/electric-turn-with-lever-actuators-mpsp\/#primaryimage\"},\"thumbnailUrl\":\"https:\/\/marvelpit.sk\/wp-content\/uploads\/2016\/05\/MPSP.jpg\",\"datePublished\":\"2016-05-23T11:51:21+00:00\",\"dateModified\":\"2019-10-11T11:45:36+00:00\",\"description\":\"\u042d\u043b\u0435\u043a\u0442\u0440\u043e\u043f\u0440\u0438\u0432\u043e\u0434 \u0440\u044b\u0447\u0430\u0436\u043d\u044b\u0439 MPSP \u0438\u0441\u043f\u043e\u043b\u044c\u0437\u0443\u0435\u0442\u0441\u044f \u0434\u043b\u044f \u0434\u0438\u0441\u0442\u0430\u043d\u0446\u0438\u043e\u043d\u043d\u043e\u0433\u043e \u0443\u043f\u0440\u0430\u0432\u043b\u0435\u043d\u0438\u044f \u0438 \u0434\u043b\u044f \u0430\u0432\u0442\u043e\u043c\u0430\u0442\u0438\u0447\u0435\u0441\u043a\u043e\u0439 \u0440\u0435\u0433\u0443\u043b\u0438\u0440\u043e\u0432\u043a\u0438 \u043a\u043b\u0430\u043f\u0430\u043d\u043e\u0432, \u0448\u0442\u043e\u0440\u043d\u044b\u0445 \u0437\u0430\u0442\u0432\u043e\u0440\u043e\u0432, \u0434\u043b\u044f \u043f\u043e\u0432\u043e\u0440\u043e\u0442\u0430 \u0449\u0435\u0442\u043e\u043a \u044d\u043b.\",\"breadcrumb\":{\"@id\":\"https:\/\/marvelpit.sk\/ru\/product\/electric-turn-with-lever-actuators-mpsp\/#breadcrumb\"},\"inLanguage\":\"ru-RU\",\"potentialAction\":[{\"@type\":\"ReadAction\",\"target\":[\"https:\/\/marvelpit.sk\/ru\/product\/electric-turn-with-lever-actuators-mpsp\/\"]}]},{\"@type\":\"ImageObject\",\"inLanguage\":\"ru-RU\",\"@id\":\"https:\/\/marvelpit.sk\/ru\/product\/electric-turn-with-lever-actuators-mpsp\/#primaryimage\",\"url\":\"https:\/\/marvelpit.sk\/wp-content\/uploads\/2016\/05\/MPSP.jpg\",\"contentUrl\":\"https:\/\/marvelpit.sk\/wp-content\/uploads\/2016\/05\/MPSP.jpg\",\"width\":600,\"height\":600},{\"@type\":\"BreadcrumbList\",\"@id\":\"https:\/\/marvelpit.sk\/ru\/product\/electric-turn-with-lever-actuators-mpsp\/#breadcrumb\",\"itemListElement\":[{\"@type\":\"ListItem\",\"position\":1,\"name\":\"MARVEL P.I.&T. | MARVEL-BMT\",\"item\":\"https:\/\/marvelpit.sk\/ru\/\"},{\"@type\":\"ListItem\",\"position\":2,\"name\":\"\u041f\u0440\u043e\u0434\u0443\u043a\u0442\u044b\",\"item\":\"https:\/\/marvelpit.sk\/ru\/products\/\"},{\"@type\":\"ListItem\",\"position\":3,\"name\":\"Elektrick\u00e9 servopohony\",\"item\":\"https:\/\/marvelpit.sk\/kategoria-produktu\/elektricke-servopohony\/\"},{\"@type\":\"ListItem\",\"position\":4,\"name\":\"ZPA Pe\u010dky\",\"item\":\"https:\/\/marvelpit.sk\/kategoria-produktu\/elektricke-servopohony\/zpa-pecky\/\"},{\"@type\":\"ListItem\",\"position\":5,\"name\":\"P\u00e1kov\u00e9 elektrick\u00e9 servopohony\",\"item\":\"https:\/\/marvelpit.sk\/kategoria-produktu\/elektricke-servopohony\/zpa-pecky\/pakove-servopohony\/\"},{\"@type\":\"ListItem\",\"position\":6,\"name\":\"\u042d\u043b\u0435\u043a\u0442\u0440\u043e\u043f\u0440\u0438\u0432\u043e\u0434 \u0440\u044b\u0447\u0430\u0436\u043d\u044b\u0439 MPSP\"}]},{\"@type\":\"WebSite\",\"@id\":\"https:\/\/marvelpit.sk\/#website\",\"url\":\"https:\/\/marvelpit.sk\/\",\"name\":\"MARVEL P.I.&amp;T. | MARVEL-BMT | \u042d\u043b\u0435\u043a\u0442\u0440\u043e\u043f\u0440\u0438\u0432\u043e\u0434\u044b\",\"description\":\"\u0426\u0435\u043d\u0442\u0440\u0430\u043b\u044c\u043d\u043e-\u0435\u0432\u0440\u043e\u043f\u0435\u0439\u0441\u043a\u0430\u044f \u0442\u043e\u0440\u0433\u043e\u0432\u0430\u044f \u043a\u043e\u043c\u043f\u0430\u043d\u0438\u044f Marvel - \u042d\u043b\u0435\u043a\u0442\u0440\u043e\u043f\u0440\u0438\u0432\u043e\u0434\u044b, \u0410\u0440\u043c\u0430\u0442\u0443\u0440\u0430\",\"potentialAction\":[{\"@type\":\"SearchAction\",\"target\":{\"@type\":\"EntryPoint\",\"urlTemplate\":\"https:\/\/marvelpit.sk\/?s={search_term_string}\"},\"query-input\":{\"@type\":\"PropertyValueSpecification\",\"valueRequired\":true,\"valueName\":\"search_term_string\"}}],\"inLanguage\":\"ru-RU\"}]}<\/script>\n<!-- \/ Yoast SEO plugin. -->","yoast_head_json":{"title":"\u042d\u043b\u0435\u043a\u0442\u0440\u043e\u043f\u0440\u0438\u0432\u043e\u0434 \u0440\u044b\u0447\u0430\u0436\u043d\u044b\u0439 MPSP - MARVEL P.I.&amp;T. | MARVEL-BMT | \u042d\u043b\u0435\u043a\u0442\u0440\u043e\u043f\u0440\u0438\u0432\u043e\u0434\u044b","description":"\u042d\u043b\u0435\u043a\u0442\u0440\u043e\u043f\u0440\u0438\u0432\u043e\u0434 \u0440\u044b\u0447\u0430\u0436\u043d\u044b\u0439 MPSP \u0438\u0441\u043f\u043e\u043b\u044c\u0437\u0443\u0435\u0442\u0441\u044f \u0434\u043b\u044f \u0434\u0438\u0441\u0442\u0430\u043d\u0446\u0438\u043e\u043d\u043d\u043e\u0433\u043e \u0443\u043f\u0440\u0430\u0432\u043b\u0435\u043d\u0438\u044f \u0438 \u0434\u043b\u044f \u0430\u0432\u0442\u043e\u043c\u0430\u0442\u0438\u0447\u0435\u0441\u043a\u043e\u0439 \u0440\u0435\u0433\u0443\u043b\u0438\u0440\u043e\u0432\u043a\u0438 \u043a\u043b\u0430\u043f\u0430\u043d\u043e\u0432, \u0448\u0442\u043e\u0440\u043d\u044b\u0445 \u0437\u0430\u0442\u0432\u043e\u0440\u043e\u0432, \u0434\u043b\u044f \u043f\u043e\u0432\u043e\u0440\u043e\u0442\u0430 \u0449\u0435\u0442\u043e\u043a \u044d\u043b.","robots":{"index":"index","follow":"follow","max-snippet":"max-snippet:-1","max-image-preview":"max-image-preview:large","max-video-preview":"max-video-preview:-1"},"canonical":"https:\/\/marvelpit.sk\/ru\/product\/electric-turn-with-lever-actuators-mpsp\/","og_locale":"ru_RU","og_type":"article","og_title":"\u042d\u043b\u0435\u043a\u0442\u0440\u043e\u043f\u0440\u0438\u0432\u043e\u0434 \u0440\u044b\u0447\u0430\u0436\u043d\u044b\u0439 MPSP - MARVEL P.I.&amp;T. | MARVEL-BMT | \u042d\u043b\u0435\u043a\u0442\u0440\u043e\u043f\u0440\u0438\u0432\u043e\u0434\u044b","og_description":"\u042d\u043b\u0435\u043a\u0442\u0440\u043e\u043f\u0440\u0438\u0432\u043e\u0434 \u0440\u044b\u0447\u0430\u0436\u043d\u044b\u0439 MPSP \u0438\u0441\u043f\u043e\u043b\u044c\u0437\u0443\u0435\u0442\u0441\u044f \u0434\u043b\u044f \u0434\u0438\u0441\u0442\u0430\u043d\u0446\u0438\u043e\u043d\u043d\u043e\u0433\u043e \u0443\u043f\u0440\u0430\u0432\u043b\u0435\u043d\u0438\u044f \u0438 \u0434\u043b\u044f \u0430\u0432\u0442\u043e\u043c\u0430\u0442\u0438\u0447\u0435\u0441\u043a\u043e\u0439 \u0440\u0435\u0433\u0443\u043b\u0438\u0440\u043e\u0432\u043a\u0438 \u043a\u043b\u0430\u043f\u0430\u043d\u043e\u0432, \u0448\u0442\u043e\u0440\u043d\u044b\u0445 \u0437\u0430\u0442\u0432\u043e\u0440\u043e\u0432, \u0434\u043b\u044f \u043f\u043e\u0432\u043e\u0440\u043e\u0442\u0430 \u0449\u0435\u0442\u043e\u043a \u044d\u043b.","og_url":"https:\/\/marvelpit.sk\/ru\/product\/electric-turn-with-lever-actuators-mpsp\/","og_site_name":"MARVEL P.I.&amp;T. | MARVEL-BMT | \u042d\u043b\u0435\u043a\u0442\u0440\u043e\u043f\u0440\u0438\u0432\u043e\u0434\u044b","article_modified_time":"2019-10-11T11:45:36+00:00","og_image":[{"width":600,"height":600,"url":"https:\/\/marvelpit.sk\/wp-content\/uploads\/2016\/05\/MPSP.jpg","type":"image\/jpeg"}],"twitter_card":"summary_large_image","schema":{"@context":"https:\/\/schema.org","@graph":[{"@type":"WebPage","@id":"https:\/\/marvelpit.sk\/ru\/product\/electric-turn-with-lever-actuators-mpsp\/","url":"https:\/\/marvelpit.sk\/ru\/product\/electric-turn-with-lever-actuators-mpsp\/","name":"\u042d\u043b\u0435\u043a\u0442\u0440\u043e\u043f\u0440\u0438\u0432\u043e\u0434 \u0440\u044b\u0447\u0430\u0436\u043d\u044b\u0439 MPSP - MARVEL P.I.&amp;T. | MARVEL-BMT | \u042d\u043b\u0435\u043a\u0442\u0440\u043e\u043f\u0440\u0438\u0432\u043e\u0434\u044b","isPartOf":{"@id":"https:\/\/marvelpit.sk\/#website"},"primaryImageOfPage":{"@id":"https:\/\/marvelpit.sk\/ru\/product\/electric-turn-with-lever-actuators-mpsp\/#primaryimage"},"image":{"@id":"https:\/\/marvelpit.sk\/ru\/product\/electric-turn-with-lever-actuators-mpsp\/#primaryimage"},"thumbnailUrl":"https:\/\/marvelpit.sk\/wp-content\/uploads\/2016\/05\/MPSP.jpg","datePublished":"2016-05-23T11:51:21+00:00","dateModified":"2019-10-11T11:45:36+00:00","description":"\u042d\u043b\u0435\u043a\u0442\u0440\u043e\u043f\u0440\u0438\u0432\u043e\u0434 \u0440\u044b\u0447\u0430\u0436\u043d\u044b\u0439 MPSP \u0438\u0441\u043f\u043e\u043b\u044c\u0437\u0443\u0435\u0442\u0441\u044f \u0434\u043b\u044f \u0434\u0438\u0441\u0442\u0430\u043d\u0446\u0438\u043e\u043d\u043d\u043e\u0433\u043e \u0443\u043f\u0440\u0430\u0432\u043b\u0435\u043d\u0438\u044f \u0438 \u0434\u043b\u044f \u0430\u0432\u0442\u043e\u043c\u0430\u0442\u0438\u0447\u0435\u0441\u043a\u043e\u0439 \u0440\u0435\u0433\u0443\u043b\u0438\u0440\u043e\u0432\u043a\u0438 \u043a\u043b\u0430\u043f\u0430\u043d\u043e\u0432, \u0448\u0442\u043e\u0440\u043d\u044b\u0445 \u0437\u0430\u0442\u0432\u043e\u0440\u043e\u0432, \u0434\u043b\u044f \u043f\u043e\u0432\u043e\u0440\u043e\u0442\u0430 \u0449\u0435\u0442\u043e\u043a \u044d\u043b.","breadcrumb":{"@id":"https:\/\/marvelpit.sk\/ru\/product\/electric-turn-with-lever-actuators-mpsp\/#breadcrumb"},"inLanguage":"ru-RU","potentialAction":[{"@type":"ReadAction","target":["https:\/\/marvelpit.sk\/ru\/product\/electric-turn-with-lever-actuators-mpsp\/"]}]},{"@type":"ImageObject","inLanguage":"ru-RU","@id":"https:\/\/marvelpit.sk\/ru\/product\/electric-turn-with-lever-actuators-mpsp\/#primaryimage","url":"https:\/\/marvelpit.sk\/wp-content\/uploads\/2016\/05\/MPSP.jpg","contentUrl":"https:\/\/marvelpit.sk\/wp-content\/uploads\/2016\/05\/MPSP.jpg","width":600,"height":600},{"@type":"BreadcrumbList","@id":"https:\/\/marvelpit.sk\/ru\/product\/electric-turn-with-lever-actuators-mpsp\/#breadcrumb","itemListElement":[{"@type":"ListItem","position":1,"name":"MARVEL P.I.&T. | MARVEL-BMT","item":"https:\/\/marvelpit.sk\/ru\/"},{"@type":"ListItem","position":2,"name":"\u041f\u0440\u043e\u0434\u0443\u043a\u0442\u044b","item":"https:\/\/marvelpit.sk\/ru\/products\/"},{"@type":"ListItem","position":3,"name":"Elektrick\u00e9 servopohony","item":"https:\/\/marvelpit.sk\/kategoria-produktu\/elektricke-servopohony\/"},{"@type":"ListItem","position":4,"name":"ZPA Pe\u010dky","item":"https:\/\/marvelpit.sk\/kategoria-produktu\/elektricke-servopohony\/zpa-pecky\/"},{"@type":"ListItem","position":5,"name":"P\u00e1kov\u00e9 elektrick\u00e9 servopohony","item":"https:\/\/marvelpit.sk\/kategoria-produktu\/elektricke-servopohony\/zpa-pecky\/pakove-servopohony\/"},{"@type":"ListItem","position":6,"name":"\u042d\u043b\u0435\u043a\u0442\u0440\u043e\u043f\u0440\u0438\u0432\u043e\u0434 \u0440\u044b\u0447\u0430\u0436\u043d\u044b\u0439 MPSP"}]},{"@type":"WebSite","@id":"https:\/\/marvelpit.sk\/#website","url":"https:\/\/marvelpit.sk\/","name":"MARVEL P.I.&amp;T. | MARVEL-BMT | \u042d\u043b\u0435\u043a\u0442\u0440\u043e\u043f\u0440\u0438\u0432\u043e\u0434\u044b","description":"\u0426\u0435\u043d\u0442\u0440\u0430\u043b\u044c\u043d\u043e-\u0435\u0432\u0440\u043e\u043f\u0435\u0439\u0441\u043a\u0430\u044f \u0442\u043e\u0440\u0433\u043e\u0432\u0430\u044f \u043a\u043e\u043c\u043f\u0430\u043d\u0438\u044f Marvel - \u042d\u043b\u0435\u043a\u0442\u0440\u043e\u043f\u0440\u0438\u0432\u043e\u0434\u044b, \u0410\u0440\u043c\u0430\u0442\u0443\u0440\u0430","potentialAction":[{"@type":"SearchAction","target":{"@type":"EntryPoint","urlTemplate":"https:\/\/marvelpit.sk\/?s={search_term_string}"},"query-input":{"@type":"PropertyValueSpecification","valueRequired":true,"valueName":"search_term_string"}}],"inLanguage":"ru-RU"}]}},"_links":{"self":[{"href":"https:\/\/marvelpit.sk\/ru\/wp-json\/wp\/v2\/product\/4406","targetHints":{"allow":["GET"]}}],"collection":[{"href":"https:\/\/marvelpit.sk\/ru\/wp-json\/wp\/v2\/product"}],"about":[{"href":"https:\/\/marvelpit.sk\/ru\/wp-json\/wp\/v2\/types\/product"}],"replies":[{"embeddable":true,"href":"https:\/\/marvelpit.sk\/ru\/wp-json\/wp\/v2\/comments?post=4406"}],"wp:featuredmedia":[{"embeddable":true,"href":"https:\/\/marvelpit.sk\/ru\/wp-json\/wp\/v2\/media\/5547"}],"wp:attachment":[{"href":"https:\/\/marvelpit.sk\/ru\/wp-json\/wp\/v2\/media?parent=4406"}],"wp:term":[{"taxonomy":"product_brand","embeddable":true,"href":"https:\/\/marvelpit.sk\/ru\/wp-json\/wp\/v2\/product_brand?post=4406"},{"taxonomy":"product_cat","embeddable":true,"href":"https:\/\/marvelpit.sk\/ru\/wp-json\/wp\/v2\/product_cat?post=4406"},{"taxonomy":"product_tag","embeddable":true,"href":"https:\/\/marvelpit.sk\/ru\/wp-json\/wp\/v2\/product_tag?post=4406"}],"curies":[{"name":"wp","href":"https:\/\/api.w.org\/{rel}","templated":true}]}}